{"id":18058,"date":"2024-04-25T15:36:56","date_gmt":"2024-04-25T12:36:56","guid":{"rendered":"https:\/\/asfaltkatte.ee.www435.your-server.de\/mainpage\/"},"modified":"2024-04-25T15:37:13","modified_gmt":"2024-04-25T12:37:13","slug":"mainpage","status":"publish","type":"page","link":"https:\/\/asfaltkatte.ee\/","title":{"rendered":"Mainpage"},"content":{"rendered":"","protected":false},"excerpt":{"rendered":"","protected":false},"author":10,"featured_media":0,"parent":0,"menu_order":0,"comment_status":"closed","ping_status":"closed","template":"page-templates\/page-blank.php","meta":{"footnotes":""},"class_list":["post-18058","page","type-page","status-publish","hentry"],"yoast_head":"<!-- This site is optimized with the Yoast SEO plugin v27.3 - https:\/\/yoast.com\/product\/yoast-seo-wordpress\/ -->\n<title>ASFALTKATTE O\u00dc | Rajame tee tulevikku!<\/title>\n<meta name=\"description\" content=\"Meie erialaks on teede ehitamine ja remont, pakkudes t\u00e4isteenuslahendusi alates kaevet\u00f6\u00f6dest kuni l\u00f5ppviimistluseni.\" \/>\n<meta name=\"robots\" content=\"index, follow, max-snippet:-1, max-image-preview:large, max-video-preview:-1\" \/>\n<link rel=\"canonical\" href=\"https:\/\/asfaltkatte.ee\/\" \/>\n<meta property=\"og:locale\" content=\"et_EE\" \/>\n<meta property=\"og:type\" content=\"article\" \/>\n<meta property=\"og:title\" content=\"ASFALTKATTE O\u00dc | Rajame tee tulevikku!\" \/>\n<meta property=\"og:description\" content=\"Meie erialaks on teede ehitamine ja remont, pakkudes t\u00e4isteenuslahendusi alates kaevet\u00f6\u00f6dest kuni l\u00f5ppviimistluseni.\" \/>\n<meta property=\"og:url\" content=\"https:\/\/asfaltkatte.ee\/\" \/>\n<meta property=\"og:site_name\" content=\"ASFALTKATTE O\u00dc\" \/>\n<meta property=\"article:modified_time\" content=\"2024-04-25T12:37:13+00:00\" \/>\n<meta property=\"og:image\" content=\"https:\/\/asfaltkatte.ee\/wp-content\/uploads\/2024\/09\/asphalt-paving-paver-machine-and-workers-new-roa-2023-11-27-05-09-22-utc-1.jpg-scaled.webp\" \/>\n<meta name=\"twitter:card\" content=\"summary_large_image\" \/>\n<script type=\"application\/ld+json\" class=\"yoast-schema-graph\">{\"@context\":\"https:\\\/\\\/schema.org\",\"@graph\":[{\"@type\":\"WebPage\",\"@id\":\"https:\\\/\\\/asfaltkatte.ee\\\/\",\"url\":\"https:\\\/\\\/asfaltkatte.ee\\\/\",\"name\":\"ASFALTKATTE O\u00dc | Rajame tee tulevikku!\",\"isPartOf\":{\"@id\":\"https:\\\/\\\/asfaltkatte.ee\\\/#website\"},\"datePublished\":\"2024-04-25T12:36:56+00:00\",\"dateModified\":\"2024-04-25T12:37:13+00:00\",\"description\":\"Meie erialaks on teede ehitamine ja remont, pakkudes t\u00e4isteenuslahendusi alates kaevet\u00f6\u00f6dest kuni l\u00f5ppviimistluseni.\",\"breadcrumb\":{\"@id\":\"https:\\\/\\\/asfaltkatte.ee\\\/#breadcrumb\"},\"inLanguage\":\"et\",\"potentialAction\":[{\"@type\":\"ReadAction\",\"target\":[\"https:\\\/\\\/asfaltkatte.ee\\\/\"]}]},{\"@type\":\"BreadcrumbList\",\"@id\":\"https:\\\/\\\/asfaltkatte.ee\\\/#breadcrumb\",\"itemListElement\":[{\"@type\":\"ListItem\",\"position\":1,\"name\":\"Avaleht\",\"item\":\"https:\\\/\\\/asfaltkatte.ee\\\/\"},{\"@type\":\"ListItem\",\"position\":2,\"name\":\"Mainpage\"}]},{\"@type\":\"WebSite\",\"@id\":\"https:\\\/\\\/asfaltkatte.ee\\\/#website\",\"url\":\"https:\\\/\\\/asfaltkatte.ee\\\/\",\"name\":\"Teema0\",\"description\":\"Rajame tee tulevikku!\",\"publisher\":{\"@id\":\"https:\\\/\\\/asfaltkatte.ee\\\/#organization\"},\"potentialAction\":[{\"@type\":\"SearchAction\",\"target\":{\"@type\":\"EntryPoint\",\"urlTemplate\":\"https:\\\/\\\/asfaltkatte.ee\\\/?s={search_term_string}\"},\"query-input\":{\"@type\":\"PropertyValueSpecification\",\"valueRequired\":true,\"valueName\":\"search_term_string\"}}],\"inLanguage\":\"et\"},{\"@type\":\"Organization\",\"@id\":\"https:\\\/\\\/asfaltkatte.ee\\\/#organization\",\"name\":\"ASFALTKATTE O\u00dc\",\"url\":\"https:\\\/\\\/asfaltkatte.ee\\\/\",\"logo\":{\"@type\":\"ImageObject\",\"inLanguage\":\"et\",\"@id\":\"https:\\\/\\\/asfaltkatte.ee\\\/#\\\/schema\\\/logo\\\/image\\\/\",\"url\":\"https:\\\/\\\/asfaltkatte.ee\\\/wp-content\\\/uploads\\\/2024\\\/09\\\/16426014_ASFALTKATTE-OU_23268757_a_m.jpeg\",\"contentUrl\":\"https:\\\/\\\/asfaltkatte.ee\\\/wp-content\\\/uploads\\\/2024\\\/09\\\/16426014_ASFALTKATTE-OU_23268757_a_m.jpeg\",\"width\":537,\"height\":537,\"caption\":\"ASFALTKATTE O\u00dc\"},\"image\":{\"@id\":\"https:\\\/\\\/asfaltkatte.ee\\\/#\\\/schema\\\/logo\\\/image\\\/\"}}]}<\/script>\n<!-- \/ Yoast SEO plugin. -->","yoast_head_json":{"title":"ASFALTKATTE O\u00dc | Rajame tee tulevikku!","description":"Meie erialaks on teede ehitamine ja remont, pakkudes t\u00e4isteenuslahendusi alates kaevet\u00f6\u00f6dest kuni l\u00f5ppviimistluseni.","robots":{"index":"index","follow":"follow","max-snippet":"max-snippet:-1","max-image-preview":"max-image-preview:large","max-video-preview":"max-video-preview:-1"},"canonical":"https:\/\/asfaltkatte.ee\/","og_locale":"et_EE","og_type":"article","og_title":"ASFALTKATTE O\u00dc | Rajame tee tulevikku!","og_description":"Meie erialaks on teede ehitamine ja remont, pakkudes t\u00e4isteenuslahendusi alates kaevet\u00f6\u00f6dest kuni l\u00f5ppviimistluseni.","og_url":"https:\/\/asfaltkatte.ee\/","og_site_name":"ASFALTKATTE O\u00dc","article_modified_time":"2024-04-25T12:37:13+00:00","og_image":[{"url":"https:\/\/asfaltkatte.ee\/wp-content\/uploads\/2024\/09\/asphalt-paving-paver-machine-and-workers-new-roa-2023-11-27-05-09-22-utc-1.jpg-scaled.webp","type":"","width":"","height":""}],"twitter_card":"summary_large_image","schema":{"@context":"https:\/\/schema.org","@graph":[{"@type":"WebPage","@id":"https:\/\/asfaltkatte.ee\/","url":"https:\/\/asfaltkatte.ee\/","name":"ASFALTKATTE O\u00dc | Rajame tee tulevikku!","isPartOf":{"@id":"https:\/\/asfaltkatte.ee\/#website"},"datePublished":"2024-04-25T12:36:56+00:00","dateModified":"2024-04-25T12:37:13+00:00","description":"Meie erialaks on teede ehitamine ja remont, pakkudes t\u00e4isteenuslahendusi alates kaevet\u00f6\u00f6dest kuni l\u00f5ppviimistluseni.","breadcrumb":{"@id":"https:\/\/asfaltkatte.ee\/#breadcrumb"},"inLanguage":"et","potentialAction":[{"@type":"ReadAction","target":["https:\/\/asfaltkatte.ee\/"]}]},{"@type":"BreadcrumbList","@id":"https:\/\/asfaltkatte.ee\/#breadcrumb","itemListElement":[{"@type":"ListItem","position":1,"name":"Avaleht","item":"https:\/\/asfaltkatte.ee\/"},{"@type":"ListItem","position":2,"name":"Mainpage"}]},{"@type":"WebSite","@id":"https:\/\/asfaltkatte.ee\/#website","url":"https:\/\/asfaltkatte.ee\/","name":"Teema0","description":"Rajame tee tulevikku!","publisher":{"@id":"https:\/\/asfaltkatte.ee\/#organization"},"potentialAction":[{"@type":"SearchAction","target":{"@type":"EntryPoint","urlTemplate":"https:\/\/asfaltkatte.ee\/?s={search_term_string}"},"query-input":{"@type":"PropertyValueSpecification","valueRequired":true,"valueName":"search_term_string"}}],"inLanguage":"et"},{"@type":"Organization","@id":"https:\/\/asfaltkatte.ee\/#organization","name":"ASFALTKATTE O\u00dc","url":"https:\/\/asfaltkatte.ee\/","logo":{"@type":"ImageObject","inLanguage":"et","@id":"https:\/\/asfaltkatte.ee\/#\/schema\/logo\/image\/","url":"https:\/\/asfaltkatte.ee\/wp-content\/uploads\/2024\/09\/16426014_ASFALTKATTE-OU_23268757_a_m.jpeg","contentUrl":"https:\/\/asfaltkatte.ee\/wp-content\/uploads\/2024\/09\/16426014_ASFALTKATTE-OU_23268757_a_m.jpeg","width":537,"height":537,"caption":"ASFALTKATTE O\u00dc"},"image":{"@id":"https:\/\/asfaltkatte.ee\/#\/schema\/logo\/image\/"}}]}},"_links":{"self":[{"href":"https:\/\/asfaltkatte.ee\/index.php?rest_route=\/wp\/v2\/pages\/18058","targetHints":{"allow":["GET"]}}],"collection":[{"href":"https:\/\/asfaltkatte.ee\/index.php?rest_route=\/wp\/v2\/pages"}],"about":[{"href":"https:\/\/asfaltkatte.ee\/index.php?rest_route=\/wp\/v2\/types\/page"}],"author":[{"embeddable":true,"href":"https:\/\/asfaltkatte.ee\/index.php?rest_route=\/wp\/v2\/users\/10"}],"replies":[{"embeddable":true,"href":"https:\/\/asfaltkatte.ee\/index.php?rest_route=%2Fwp%2Fv2%2Fcomments&post=18058"}],"version-history":[{"count":1,"href":"https:\/\/asfaltkatte.ee\/index.php?rest_route=\/wp\/v2\/pages\/18058\/revisions"}],"predecessor-version":[{"id":18059,"href":"https:\/\/asfaltkatte.ee\/index.php?rest_route=\/wp\/v2\/pages\/18058\/revisions\/18059"}],"wp:attachment":[{"href":"https:\/\/asfaltkatte.ee\/index.php?rest_route=%2Fwp%2Fv2%2Fmedia&parent=18058"}],"curies":[{"name":"wp","href":"https:\/\/api.w.org\/{rel}","templated":true}]}}